{"id":6083,"date":"2022-09-02T18:56:32","date_gmt":"2022-09-02T16:56:32","guid":{"rendered":"https:\/\/akuratny.com\/fachman\/web2\/?post_type=product&#038;p=6083"},"modified":"2023-01-10T13:32:09","modified_gmt":"2023-01-10T12:32:09","slug":"ntc-vt-090h","status":"publish","type":"product","link":"https:\/\/akuratny.com\/fachman\/web2\/produkt\/ntc-vt-090h\/","title":{"rendered":"NTC VT 090H"},"content":{"rendered":"<p>[vc_row][vc_column][vc_column_text]Tandemov\u00e9 vibra\u010dn\u00e9 valce triedy VT sa pou\u017e\u00edvaj\u00fa pre hutnenie\u00a0 \u017eiv\u00edc, nes\u00fadr\u017en\u00fdch a s\u00fadr\u017en\u00fdch zem\u00edn a stabilizovan\u00fdch zem\u00edn, najm\u00e4 pri v\u00fdstavbe ciest, parkov\u00edsk,\u00a0priemyseln\u00fdch pl\u00f4ch a oprav\u00e1ch pozemn\u00fdch komunik\u00e1ci\u00ed.[\/vc_column_text][\/vc_column][\/vc_row]<\/p>\n","protected":false},"excerpt":{"rendered":"<h5>Zavolajte na prev\u00e1dzku a overte si dostupnos\u0165 stroja<\/h5>\n<h5 style=\"padding: 20px 20px 20px; background-color: #434343; color: #ffdd00;\">Fachmancentrum <strong>\u017dilina<\/strong> <a href=\"tel:\/\/+421 905 878 444\"><strong>+421 905 878 444<\/strong><\/a><\/h5>\n<h5 style=\"padding: 20px 20px 20px; background-color: #434343; color: #ffdd00;\">Fachmancentrum <strong>Poprad<\/strong> <a href=\"tel:\/\/+421 917 699 333\"><strong>+421 917 699 333<\/strong><\/a><\/h5>\n<h5 style=\"padding: 20px 20px 20px; background-color: #434343; color: #ffdd00;\">Fachmancentrum <strong>Tren\u010d\u00edn<\/strong> <a href=\"tel:\/\/+421 948 618 100\"><strong>+421 948 618 100<\/strong><\/a><\/h5>\n","protected":false},"featured_media":6084,"template":"","meta":[],"product_cat":[62,135,137],"product_tag":[],"_links":{"self":[{"href":"https:\/\/akuratny.com\/fachman\/web2\/wp-json\/wp\/v2\/product\/6083"}],"collection":[{"href":"https:\/\/akuratny.com\/fachman\/web2\/wp-json\/wp\/v2\/product"}],"about":[{"href":"https:\/\/akuratny.com\/fachman\/web2\/wp-json\/wp\/v2\/types\/product"}],"wp:featuredmedia":[{"embeddable":true,"href":"https:\/\/akuratny.com\/fachman\/web2\/wp-json\/wp\/v2\/media\/6084"}],"wp:attachment":[{"href":"https:\/\/akuratny.com\/fachman\/web2\/wp-json\/wp\/v2\/media?parent=6083"}],"wp:term":[{"taxonomy":"product_cat","embeddable":true,"href":"https:\/\/akuratny.com\/fachman\/web2\/wp-json\/wp\/v2\/product_cat?post=6083"},{"taxonomy":"product_tag","embeddable":true,"href":"https:\/\/akuratny.com\/fachman\/web2\/wp-json\/wp\/v2\/product_tag?post=6083"}],"curies":[{"name":"wp","href":"https:\/\/api.w.org\/{rel}","templated":true}]}}