{"id":6089,"date":"2022-09-02T19:33:37","date_gmt":"2022-09-02T17:33:37","guid":{"rendered":"https:\/\/akuratny.com\/fachman\/web2\/produkt\/ntc-vt-090h-copy\/"},"modified":"2023-06-29T16:49:05","modified_gmt":"2023-06-29T14:49:05","slug":"europower-ep-200x-2","status":"publish","type":"product","link":"https:\/\/akuratny.com\/fachman\/web2\/produkt\/europower-ep-200x-2\/","title":{"rendered":"Europower EP 200X"},"content":{"rendered":"<p>[vc_row][vc_column][vc_column_text]Gener\u00e1tory triedy X pon\u00fakaj\u00fa nielen spo\u013eahliv\u00fd zdroj el. energie na 230\/400V, s\u00fa navy\u0161e vybaven\u00e9 aj zv\u00e1rac\u00edm invertorom s pr\u00fadom do 200 Amp\u00e9r (35% \u010dasov\u00e9ho vy\u0165a\u017eenia). Stroj poh\u00e1\u0148a \u0161pi\u010dkov\u00fd, vzduchom chladen\u00fd motor Honda s ru\u010dn\u00fdm \u0161tartom. [\/vc_column_text][\/vc_column][\/vc_row]<\/p>\n","protected":false},"excerpt":{"rendered":"<h5>Zavolajte na prev\u00e1dzku a overte si dostupnos\u0165 stroja<\/h5>\n<h5 style=\"padding: 20px 20px 20px; background-color: #434343; color: #ffdd00;\">Fachmancentrum <strong>\u017dilina<\/strong> <a href=\"tel:\/\/+421 905 878 444\"><strong>+421 905 878 444<\/strong><\/a><\/h5>\n<h5 style=\"padding: 20px 20px 20px; background-color: #434343; color: #ffdd00;\">Fachmancentrum <strong>Poprad<\/strong> <a href=\"tel:\/\/+421 917 699 333\"><strong>+421 917 699 333<\/strong><\/a><\/h5>\n<h5 style=\"padding: 20px 20px 20px; background-color: #434343; color: #ffdd00;\">Fachmancentrum <strong>Tren\u010d\u00edn<\/strong> <a href=\"tel:\/\/+421 948 618 100\"><strong>+421 948 618 100<\/strong><\/a><\/h5>\n","protected":false},"featured_media":6412,"template":"","meta":[],"product_cat":[62,140,143],"product_tag":[],"_links":{"self":[{"href":"https:\/\/akuratny.com\/fachman\/web2\/wp-json\/wp\/v2\/product\/6089"}],"collection":[{"href":"https:\/\/akuratny.com\/fachman\/web2\/wp-json\/wp\/v2\/product"}],"about":[{"href":"https:\/\/akuratny.com\/fachman\/web2\/wp-json\/wp\/v2\/types\/product"}],"wp:featuredmedia":[{"embeddable":true,"href":"https:\/\/akuratny.com\/fachman\/web2\/wp-json\/wp\/v2\/media\/6412"}],"wp:attachment":[{"href":"https:\/\/akuratny.com\/fachman\/web2\/wp-json\/wp\/v2\/media?parent=6089"}],"wp:term":[{"taxonomy":"product_cat","embeddable":true,"href":"https:\/\/akuratny.com\/fachman\/web2\/wp-json\/wp\/v2\/product_cat?post=6089"},{"taxonomy":"product_tag","embeddable":true,"href":"https:\/\/akuratny.com\/fachman\/web2\/wp-json\/wp\/v2\/product_tag?post=6089"}],"curies":[{"name":"wp","href":"https:\/\/api.w.org\/{rel}","templated":true}]}}