{"id":6098,"date":"2022-09-05T12:02:10","date_gmt":"2022-09-05T10:02:10","guid":{"rendered":"https:\/\/akuratny.com\/fachman\/web2\/produkt\/compair-c30-copy\/"},"modified":"2023-01-10T13:29:29","modified_gmt":"2023-01-10T12:29:29","slug":"master-dh-44","status":"publish","type":"product","link":"https:\/\/akuratny.com\/fachman\/web2\/produkt\/master-dh-44\/","title":{"rendered":"MASTER DH 44"},"content":{"rendered":"<p>[vc_row][vc_column][vc_column_text]Odvlh\u010dova\u010d vzduchu Master DH 44 je profesion\u00e1lny pr\u00edstroj z rady ve\u013ek\u00fdch odvlh\u010dova\u010dov vzduchu v odolnom kovovom preveden\u00ed, vhodn\u00fd pre pou\u017eitie v stavebn\u00edctve. Kompaktn\u00fd vzduchov\u00fd filter umo\u017e\u0148uje prev\u00e1dzku aj v silne zapr\u00e1\u0161en\u00fdch miestnostiach. Dostatok miesta medzi trubi\u010dkami v\u00fdmenn\u00edka znemo\u017e\u0148uje upch\u00e1vanie. Kondenz\u00e1t je odv\u00e1dzan\u00fd do ve\u013ekej n\u00e1dr\u017ee s objemom 11 l, po ktorej naplnen\u00ed sa odvlh\u010dova\u010d vypne. Odoln\u00e9, manu\u00e1lne ovl\u00e1danie vlhkomera umo\u017e\u0148uje nastavi\u0165 po\u017eadovan\u00fa vlhkos\u0165 a po dosiahnut\u00ed ktorej sa odvlh\u010dova\u010d vypne. Pri zv\u00fd\u0161en\u00ed vlhkosti sa pr\u00edstroj op\u00e4\u0165 s\u00e1m zapne.<\/p>\n<p>Zariadenie je schopn\u00e9 odstr\u00e1ni\u0165 z ovzdu\u0161ia 41 litrov vody denne v z\u00e1vislosti od teploty a vlhkosti. Pre zv\u00fd\u0161enie \u00fa\u010dinnosti vys\u00fa\u0161ania je vhodn\u00e9 kombinova\u0165 odvlh\u010dova\u010de s teplovzdu\u0161n\u00fdmi ohrieva\u010dmi s ventil\u00e1tormi. [\/vc_column_text][\/vc_column][\/vc_row]<\/p>\n","protected":false},"excerpt":{"rendered":"<h5>Zavolajte na prev\u00e1dzku a overte si dostupnos\u0165 stroja<\/h5>\n<h5 style=\"padding: 20px 20px 20px; background-color: #434343; color: #ffdd00;\">Fachmancentrum <strong>\u017dilina<\/strong> <a href=\"tel:\/\/+421 905 878 444\"><strong>+421 905 878 444<\/strong><\/a><\/h5>\n<h5 style=\"padding: 20px 20px 20px; background-color: #434343; color: #ffdd00;\">Fachmancentrum <strong>Poprad<\/strong> <a href=\"tel:\/\/+421 917 699 333\"><strong>+421 917 699 333<\/strong><\/a><\/h5>\n<h5 style=\"padding: 20px 20px 20px; background-color: #434343; color: #ffdd00;\">Fachmancentrum <strong>Tren\u010d\u00edn<\/strong> <a href=\"tel:\/\/+421 948 618 100\"><strong>+421 948 618 100<\/strong><\/a><\/h5>\n","protected":false},"featured_media":6100,"template":"","meta":[],"product_cat":[62,144,147],"product_tag":[],"_links":{"self":[{"href":"https:\/\/akuratny.com\/fachman\/web2\/wp-json\/wp\/v2\/product\/6098"}],"collection":[{"href":"https:\/\/akuratny.com\/fachman\/web2\/wp-json\/wp\/v2\/product"}],"about":[{"href":"https:\/\/akuratny.com\/fachman\/web2\/wp-json\/wp\/v2\/types\/product"}],"wp:featuredmedia":[{"embeddable":true,"href":"https:\/\/akuratny.com\/fachman\/web2\/wp-json\/wp\/v2\/media\/6100"}],"wp:attachment":[{"href":"https:\/\/akuratny.com\/fachman\/web2\/wp-json\/wp\/v2\/media?parent=6098"}],"wp:term":[{"taxonomy":"product_cat","embeddable":true,"href":"https:\/\/akuratny.com\/fachman\/web2\/wp-json\/wp\/v2\/product_cat?post=6098"},{"taxonomy":"product_tag","embeddable":true,"href":"https:\/\/akuratny.com\/fachman\/web2\/wp-json\/wp\/v2\/product_tag?post=6098"}],"curies":[{"name":"wp","href":"https:\/\/api.w.org\/{rel}","templated":true}]}}