{"id":6101,"date":"2022-09-05T12:40:01","date_gmt":"2022-09-05T10:40:01","guid":{"rendered":"https:\/\/akuratny.com\/fachman\/web2\/produkt\/master-dh-44-copy\/"},"modified":"2023-01-10T13:29:00","modified_gmt":"2023-01-10T12:29:00","slug":"den-jet-cd50","status":"publish","type":"product","link":"https:\/\/akuratny.com\/fachman\/web2\/produkt\/den-jet-cd50\/","title":{"rendered":"Den-Jet CD50"},"content":{"rendered":"<p>[vc_row][vc_column][vc_column_text]Spo\u013eahliv\u00e9 d\u00e1nske \u010derpadl\u00e1 DEN-JET s\u00fa v\u00fdsledkom dlhoro\u010dn\u00fdch sk\u00fasenost\u00ed v priemysle s vysok\u00fdm tlakom. \u010cerpadl\u00e1 s\u00fa v\u010faka svojmu v\u00fdkonu vhodn\u00e9 pre naj\u0165a\u017e\u0161ie nasadenie: pre odstra\u0148ovanie n\u00e1terov, san\u00e1ciu bet\u00f3nu, \u010distenie povrchov alebo ako vodn\u00fd l\u00fa\u010d na otrysk\u00e1vanie.<\/p>\n<p>Rad VT \u010derpadiel CD 50 pon\u00faka tlaky od 230 do 2 000 barov a prietoky \u010derpadla od 7 do 74 l za min\u00fatu. \u010cerpadlo je poh\u00e1\u0148an\u00e9 4-valcov\u00fdm vodou chladen\u00fdm naftov\u00fdm motorom Toyota. Cel\u00fd r\u00e1m je vyroben\u00fd zo \u017eiarovo pozinkovanej ocele a pre odolnos\u0165 proti kor\u00f3zii je opatren\u00fd z\u00e1kladn\u00fdm n\u00e1terom a lakom. Stroj je kompaktn\u00fd, zaber\u00e1 1550 x 920 mm podlahovej plochy. R\u00e1m pod v\u0161etk\u00fdmi rohmi je vybaven\u00fd gumov\u00fdmi no\u017ei\u010dkami. Stroj m\u00e1 otvory na vysokozdvi\u017en\u00fd voz\u00edk, ako aj zdv\u00edhacie ok\u00e1 vo v\u0161etk\u00fdch \u0161tyroch rohoch.<br \/>\n[\/vc_column_text][\/vc_column][\/vc_row]<\/p>\n","protected":false},"excerpt":{"rendered":"<h5>Zavolajte na prev\u00e1dzku a overte si dostupnos\u0165 stroja<\/h5>\n<h5 style=\"padding: 20px 20px 20px; background-color: #434343; color: #ffdd00;\">Fachmancentrum <strong>\u017dilina<\/strong> <a href=\"tel:\/\/+421 905 878 444\"><strong>+421 905 878 444<\/strong><\/a><\/h5>\n<h5 style=\"padding: 20px 20px 20px; background-color: #434343; color: #ffdd00;\">Fachmancentrum <strong>Poprad<\/strong> <a href=\"tel:\/\/+421 917 699 333\"><strong>+421 917 699 333<\/strong><\/a><\/h5>\n<h5 style=\"padding: 20px 20px 20px; background-color: #434343; color: #ffdd00;\">Fachmancentrum <strong>Tren\u010d\u00edn<\/strong> <a href=\"tel:\/\/+421 948 618 100\"><strong>+421 948 618 100<\/strong><\/a><\/h5>\n","protected":false},"featured_media":6103,"template":"","meta":[],"product_cat":[62,149,150],"product_tag":[],"_links":{"self":[{"href":"https:\/\/akuratny.com\/fachman\/web2\/wp-json\/wp\/v2\/product\/6101"}],"collection":[{"href":"https:\/\/akuratny.com\/fachman\/web2\/wp-json\/wp\/v2\/product"}],"about":[{"href":"https:\/\/akuratny.com\/fachman\/web2\/wp-json\/wp\/v2\/types\/product"}],"wp:featuredmedia":[{"embeddable":true,"href":"https:\/\/akuratny.com\/fachman\/web2\/wp-json\/wp\/v2\/media\/6103"}],"wp:attachment":[{"href":"https:\/\/akuratny.com\/fachman\/web2\/wp-json\/wp\/v2\/media?parent=6101"}],"wp:term":[{"taxonomy":"product_cat","embeddable":true,"href":"https:\/\/akuratny.com\/fachman\/web2\/wp-json\/wp\/v2\/product_cat?post=6101"},{"taxonomy":"product_tag","embeddable":true,"href":"https:\/\/akuratny.com\/fachman\/web2\/wp-json\/wp\/v2\/product_tag?post=6101"}],"curies":[{"name":"wp","href":"https:\/\/api.w.org\/{rel}","templated":true}]}}