{"id":6111,"date":"2022-09-05T13:59:26","date_gmt":"2022-09-05T11:59:26","guid":{"rendered":"https:\/\/akuratny.com\/fachman\/web2\/produkt\/cedima-cts-56-copy\/"},"modified":"2023-06-29T17:43:21","modified_gmt":"2023-06-29T15:43:21","slug":"cedima-cts-265-2","status":"publish","type":"product","link":"https:\/\/akuratny.com\/fachman\/web2\/produkt\/cedima-cts-265-2\/","title":{"rendered":"Cedima CTS-265.2"},"content":{"rendered":"<p>[vc_row][vc_column][vc_column_text]Blokov\u00e1 p\u00edla je stroj ur\u010den\u00fd na presn\u00e9 rezanie stavebn\u00fdch i pr\u00edrodn\u00fdch materi\u00e1lov: teh\u00e1l, obrubn\u00edkov, kamenn\u00fdch blokov, pod\u013ea druhu pou\u017eit\u00e9ho kot\u00fa\u010da (potrebn\u00e9 objedna\u0165 zvl\u00e1\u0161\u0165). Kon\u0161trukcia stroja je z oce\u013eov\u00e9ho r\u00e1mu, ktor\u00fd chr\u00e1ni pred kor\u00f3ziou pr\u00e1\u0161kov\u00e1 farba.<\/p>\n<p>Presun na stavbe u\u013eah\u010duj\u00fa 4 kolieska. Je vybaven\u00e1 uzavret\u00fdm syst\u00e9mom vodn\u00e9ho v\u00fdplachu diamantov\u00e9ho kot\u00fa\u010da. Tento sp\u00f4sob pr\u00e1ce minimalizuje pra\u0161nos\u0165 rezu, zvy\u0161uje kvalitu rezu a predl\u017euje \u017eivotnos\u0165 diamantov\u00e9ho kot\u00fa\u010da. Tlakov\u00fd v\u00fdplach rezanej frakcie je zabezpe\u010den\u00fdm vodn\u00fdm \u010derpadlom, ponoren\u00fdm vo vani z pozinkovan\u00e9ho plechu. Pohonnou jednotkou je bez\u00fadr\u017ebov\u00fd elektromotor, pohon na rezn\u00fa hriade\u013e je zabezpe\u010den\u00fd klinov\u00fdmi reme\u0148mi. Do rezu sa pos\u00fava materi\u00e1l na pozinkovanom suporte (podporn\u00fd st\u00f4l, vybaven\u00fd kolieskami) s rukov\u00e4\u0165ou.[\/vc_column_text][\/vc_column][\/vc_row]<\/p>\n","protected":false},"excerpt":{"rendered":"<h5>Zavolajte na prev\u00e1dzku a overte si dostupnos\u0165 stroja<\/h5>\n<h5 style=\"padding: 20px 20px 20px; background-color: #434343; color: #ffdd00;\">Fachmancentrum <strong>\u017dilina<\/strong> <a href=\"tel:\/\/+421 905 878 444\"><strong>+421 905 878 444<\/strong><\/a><\/h5>\n<h5 style=\"padding: 20px 20px 20px; background-color: #434343; color: #ffdd00;\">Fachmancentrum <strong>Poprad<\/strong> <a href=\"tel:\/\/+421 917 699 333\"><strong>+421 917 699 333<\/strong><\/a><\/h5>\n<h5 style=\"padding: 20px 20px 20px; background-color: #434343; color: #ffdd00;\">Fachmancentrum <strong>Tren\u010d\u00edn<\/strong> <a href=\"tel:\/\/+421 948 618 100\"><strong>+421 948 618 100<\/strong><\/a><\/h5>\n","protected":false},"featured_media":6421,"template":"","meta":[],"product_cat":[62,157,160],"product_tag":[],"_links":{"self":[{"href":"https:\/\/akuratny.com\/fachman\/web2\/wp-json\/wp\/v2\/product\/6111"}],"collection":[{"href":"https:\/\/akuratny.com\/fachman\/web2\/wp-json\/wp\/v2\/product"}],"about":[{"href":"https:\/\/akuratny.com\/fachman\/web2\/wp-json\/wp\/v2\/types\/product"}],"wp:featuredmedia":[{"embeddable":true,"href":"https:\/\/akuratny.com\/fachman\/web2\/wp-json\/wp\/v2\/media\/6421"}],"wp:attachment":[{"href":"https:\/\/akuratny.com\/fachman\/web2\/wp-json\/wp\/v2\/media?parent=6111"}],"wp:term":[{"taxonomy":"product_cat","embeddable":true,"href":"https:\/\/akuratny.com\/fachman\/web2\/wp-json\/wp\/v2\/product_cat?post=6111"},{"taxonomy":"product_tag","embeddable":true,"href":"https:\/\/akuratny.com\/fachman\/web2\/wp-json\/wp\/v2\/product_tag?post=6111"}],"curies":[{"name":"wp","href":"https:\/\/api.w.org\/{rel}","templated":true}]}}