{"id":6117,"date":"2022-09-05T14:29:14","date_gmt":"2022-09-05T12:29:14","guid":{"rendered":"https:\/\/akuratny.com\/fachman\/web2\/produkt\/cedima-cts-265-2-copy\/"},"modified":"2023-01-10T13:26:21","modified_gmt":"2023-01-10T12:26:21","slug":"barikell-4-90","status":"publish","type":"product","link":"https:\/\/akuratny.com\/fachman\/web2\/produkt\/barikell-4-90\/","title":{"rendered":"Barikell 4-90"},"content":{"rendered":"<p>[vc_row][vc_column][vc_column_text]BARIKELL je napred\u00e1vanej\u0161ia zna\u010dka hladi\u010diek bet\u00f3nu na slovenskom trhu s vynikaj\u00facim pomerom ceny, v\u00fdkonu, spo\u013eahlivosti a skladovej dostupnosti spotrebn\u00e9ho tovaru.<\/p>\n<p>Hladi\u010dka 4-90 je nen\u00e1ro\u010dn\u00e1 na \u00fadr\u017ebu, kr\u00ed\u017e lopatiek je permanentne mazan\u00fd olejovou n\u00e1pl\u0148ou, hladi\u010dku nie je potrebn\u00e9 premaz\u00e1va\u0165 po\u010das pr\u00e1ce. Ako pohonn\u00e9 jednotky s\u00fa pou\u017eit\u00e9 profesion\u00e1lne benz\u00ednov\u00e9 motory Honda s n\u00edzkymi prev\u00e1dzkov\u00fdmi a servisn\u00fdmi n\u00e1kladmi.[\/vc_column_text][\/vc_column][\/vc_row]<\/p>\n","protected":false},"excerpt":{"rendered":"<h5>Zavolajte na prev\u00e1dzku a overte si dostupnos\u0165 stroja<\/h5>\n<h5 style=\"padding: 20px 20px 20px; background-color: #434343; color: #ffdd00;\">Fachmancentrum <strong>\u017dilina<\/strong> <a href=\"tel:\/\/+421 905 878 444\"><strong>+421 905 878 444<\/strong><\/a><\/h5>\n<h5 style=\"padding: 20px 20px 20px; background-color: #434343; color: #ffdd00;\">Fachmancentrum <strong>Poprad<\/strong> <a href=\"tel:\/\/+421 917 699 333\"><strong>+421 917 699 333<\/strong><\/a><\/h5>\n<h5 style=\"padding: 20px 20px 20px; background-color: #434343; color: #ffdd00;\">Fachmancentrum <strong>Tren\u010d\u00edn<\/strong> <a href=\"tel:\/\/+421 948 618 100\"><strong>+421 948 618 100<\/strong><\/a><\/h5>\n","protected":false},"featured_media":6119,"template":"","meta":[],"product_cat":[62,169,171],"product_tag":[],"_links":{"self":[{"href":"https:\/\/akuratny.com\/fachman\/web2\/wp-json\/wp\/v2\/product\/6117"}],"collection":[{"href":"https:\/\/akuratny.com\/fachman\/web2\/wp-json\/wp\/v2\/product"}],"about":[{"href":"https:\/\/akuratny.com\/fachman\/web2\/wp-json\/wp\/v2\/types\/product"}],"wp:featuredmedia":[{"embeddable":true,"href":"https:\/\/akuratny.com\/fachman\/web2\/wp-json\/wp\/v2\/media\/6119"}],"wp:attachment":[{"href":"https:\/\/akuratny.com\/fachman\/web2\/wp-json\/wp\/v2\/media?parent=6117"}],"wp:term":[{"taxonomy":"product_cat","embeddable":true,"href":"https:\/\/akuratny.com\/fachman\/web2\/wp-json\/wp\/v2\/product_cat?post=6117"},{"taxonomy":"product_tag","embeddable":true,"href":"https:\/\/akuratny.com\/fachman\/web2\/wp-json\/wp\/v2\/product_tag?post=6117"}],"curies":[{"name":"wp","href":"https:\/\/api.w.org\/{rel}","templated":true}]}}