{"id":6269,"date":"2022-10-24T11:21:42","date_gmt":"2022-10-24T09:21:42","guid":{"rendered":"https:\/\/akuratny.com\/fachman\/web2\/?post_type=product&#038;p=6269"},"modified":"2023-06-29T15:54:04","modified_gmt":"2023-06-29T13:54:04","slug":"bomag-bmp-851","status":"publish","type":"product","link":"https:\/\/akuratny.com\/fachman\/web2\/produkt\/bomag-bmp-851\/","title":{"rendered":"Bomag BMP 851"},"content":{"rendered":"<p>[vc_row][vc_column][vc_column_text]Bomag BMP 851 je unik\u00e1tom v triede viac\u00fa\u010delov\u00fdch je\u017ekov\u00fdch valcov. \u0160tandardne je vybaven\u00fd k\u00e1blov\u00fdm dia\u013ekov\u00fdm ovl\u00e1dan\u00edm s mo\u017enos\u0165ou r\u00e1diov\u00e9ho ovl\u00e1dania. Stroj je kompletne chr\u00e1nen\u00fd pred zasypan\u00edm \u010di p\u00e1dom robustn\u00fdm odklopite\u013en\u00fdm krytom. Centr\u00e1lne umiestnen\u00e9 oko zjednodu\u0161uje manipul\u00e1ciu zo strojom. R\u00f4zne \u0161\u00edrky beh\u00fa\u0148ov a profilov, napom\u00e1haj\u00fa variabilnosti nasadenia stroja.<\/p>\n<p>Pre vysok\u00fa \u017eivotnos\u0165, prev\u00e1dzkov\u00fa spo\u013eahlivos\u0165 a n\u00e1rast hutniaceho v\u00fdkonu je valec vybaven\u00fd jedin\u00fdm mas\u00edvnym excentrom so silou 80 kN a amplit\u00fadou a\u017e 2,1 mm, umiestnen\u00fdm na mas\u00edvnom r\u00e1me. V\u010faka vysokej obratnosti nach\u00e1dza uplatnenie pri \u0161peci\u00e1lnych zemn\u00fdch pr\u00e1cach, hutnen\u00ed r\u00f4znych v\u00fdkopov, podlo\u017e\u00ed s vysok\u00fdm podielov \u00edlov, pri zakladan\u00ed stavieb a pri pr\u00e1ci v stiesnen\u00fdch a n\u00e1ro\u010dn\u00fdch podmienkach.<\/p>\n<p>Ako pohonn\u00e9 jednotky s\u00fa pou\u017eit\u00e9 profesion\u00e1lne naftov\u00e9 vzduchom chladen\u00e9 motory Hatz Supra.[\/vc_column_text][\/vc_column][\/vc_row]<\/p>\n","protected":false},"excerpt":{"rendered":"<h5>Zavolajte na prev\u00e1dzku a overte si dostupnos\u0165 stroja<\/h5>\n<h5 style=\"padding: 20px 20px 20px; background-color: #434343; color: #ffdd00;\">Fachmancentrum <strong>\u017dilina<\/strong> <a href=\"tel:\/\/+421 905 878 444\"><strong>+421 905 878 444<\/strong><\/a><\/h5>\n<h5 style=\"padding: 20px 20px 20px; background-color: #434343; color: #ffdd00;\">Fachmancentrum <strong>Poprad<\/strong> <a href=\"tel:\/\/+421 917 699 333\"><strong>+421 917 699 333<\/strong><\/a><\/h5>\n<h5 style=\"padding: 20px 20px 20px; background-color: #434343; color: #ffdd00;\">Fachmancentrum <strong>Tren\u010d\u00edn<\/strong> <a href=\"tel:\/\/+421 948 618 100\"><strong>+421 948 618 100<\/strong><\/a><\/h5>\n","protected":false},"featured_media":6280,"template":"","meta":[],"product_cat":[62,135,138],"product_tag":[],"_links":{"self":[{"href":"https:\/\/akuratny.com\/fachman\/web2\/wp-json\/wp\/v2\/product\/6269"}],"collection":[{"href":"https:\/\/akuratny.com\/fachman\/web2\/wp-json\/wp\/v2\/product"}],"about":[{"href":"https:\/\/akuratny.com\/fachman\/web2\/wp-json\/wp\/v2\/types\/product"}],"wp:featuredmedia":[{"embeddable":true,"href":"https:\/\/akuratny.com\/fachman\/web2\/wp-json\/wp\/v2\/media\/6280"}],"wp:attachment":[{"href":"https:\/\/akuratny.com\/fachman\/web2\/wp-json\/wp\/v2\/media?parent=6269"}],"wp:term":[{"taxonomy":"product_cat","embeddable":true,"href":"https:\/\/akuratny.com\/fachman\/web2\/wp-json\/wp\/v2\/product_cat?post=6269"},{"taxonomy":"product_tag","embeddable":true,"href":"https:\/\/akuratny.com\/fachman\/web2\/wp-json\/wp\/v2\/product_tag?post=6269"}],"curies":[{"name":"wp","href":"https:\/\/api.w.org\/{rel}","templated":true}]}}