{"id":6318,"date":"2023-03-03T09:57:30","date_gmt":"2023-03-03T08:57:30","guid":{"rendered":"https:\/\/akuratny.com\/fachman\/web2\/?post_type=product&#038;p=6318"},"modified":"2023-07-21T16:01:36","modified_gmt":"2023-07-21T14:01:36","slug":"bomag-bpr-35-60-200-kg","status":"publish","type":"product","link":"https:\/\/akuratny.com\/fachman\/web2\/produkt\/bomag-bpr-35-60-200-kg\/","title":{"rendered":"BOMAG BPR 35\/60 200 kg"},"content":{"rendered":"<p>[vc_row][vc_column][vc_column_text]Reverzn\u00e9 vibra\u010dn\u00e9 dosky Bomag maj\u00fa \u0161irok\u00e9 uplatnenie pri hutnen\u00ed n\u00e1sypov, stabiliza\u010dn\u00fdch podlo\u017e\u00ed, z\u00e1kladov\u00fdch p\u00e1sov, pokl\u00e1dkach in\u017einierskych siet\u00ed, pri \u00faprave podlo\u017e\u00ed pod bet\u00f3nov\u00e9 podlahy, pri stavbe mostov a pod. Ovl\u00e1dacie madlo je v\u00fd\u0161kovo nastavitelh\u00e9 s areta\u010dnou polohou pre transport. Odtlmenie madla vo\u010di vibr\u00e1ci\u00e1m je jedine\u010dn\u00fdm patentom Bomag-u. Ovl\u00e1dacie madlo je v\u00fd\u0161kovo nastavitelh\u00e9 s areta\u010dnou polohou pre transport. Ovl\u00e1dacie prvky ako s\u00fa smer a r\u00fdchlos\u0165 posuvu, vibr\u00e1cie, po\u010det ot\u00e1\u010dok, vo\u013eobeh a STOP motora s\u00fa zdru\u017een\u00e9 na madle. Hydraulick\u00e9 ovl\u00e1danie dosky umo\u017e\u0148uje ve\u013emi jemn\u00e9 a citliv\u00e9 ovl\u00e1danie stroja s presnos\u0165ou na centimetre.[\/vc_column_text][\/vc_column][\/vc_row]<\/p>\n","protected":false},"excerpt":{"rendered":"<p>[vc_row][vc_column][vc_column_text]Reverzn\u00e9 vibra\u010dn\u00e9 dosky Bomag maj\u00fa \u0161irok\u00e9 uplatnenie pri hutnen\u00ed n\u00e1sypov, stabiliza\u010dn\u00fdch podlo\u017e\u00ed, z\u00e1kladov\u00fdch p\u00e1sov, pokl\u00e1dkach in\u017einierskych siet\u00ed, pri \u00faprave podlo\u017e\u00ed pod bet\u00f3nov\u00e9 podlahy, pri stavbe mostov a pod. Ovl\u00e1dacie madlo je v\u00fd\u0161kovo nastavitelh\u00e9 s areta\u010dnou polohou pre transport. Odtlmenie madla vo\u010di vibr\u00e1ci\u00e1m je [&hellip;]<\/p>\n","protected":false},"featured_media":6391,"template":"redux-templates_full_width","meta":[],"product_cat":[62,131,134],"product_tag":[],"_links":{"self":[{"href":"https:\/\/akuratny.com\/fachman\/web2\/wp-json\/wp\/v2\/product\/6318"}],"collection":[{"href":"https:\/\/akuratny.com\/fachman\/web2\/wp-json\/wp\/v2\/product"}],"about":[{"href":"https:\/\/akuratny.com\/fachman\/web2\/wp-json\/wp\/v2\/types\/product"}],"wp:featuredmedia":[{"embeddable":true,"href":"https:\/\/akuratny.com\/fachman\/web2\/wp-json\/wp\/v2\/media\/6391"}],"wp:attachment":[{"href":"https:\/\/akuratny.com\/fachman\/web2\/wp-json\/wp\/v2\/media?parent=6318"}],"wp:term":[{"taxonomy":"product_cat","embeddable":true,"href":"https:\/\/akuratny.com\/fachman\/web2\/wp-json\/wp\/v2\/product_cat?post=6318"},{"taxonomy":"product_tag","embeddable":true,"href":"https:\/\/akuratny.com\/fachman\/web2\/wp-json\/wp\/v2\/product_tag?post=6318"}],"curies":[{"name":"wp","href":"https:\/\/api.w.org\/{rel}","templated":true}]}}