{"id":6331,"date":"2023-05-14T16:18:59","date_gmt":"2023-05-14T14:18:59","guid":{"rendered":"https:\/\/akuratny.com\/fachman\/web2\/produkt\/bw-124-dh-5-copy\/"},"modified":"2023-06-29T16:02:24","modified_gmt":"2023-06-29T14:02:24","slug":"bw-124-dh-5-copy","status":"publish","type":"product","link":"https:\/\/akuratny.com\/fachman\/web2\/produkt\/bw-124-dh-5-copy\/","title":{"rendered":"Bomag BW 213 D-5"},"content":{"rendered":"<p>[vc_row][vc_column][vc_column_text]Valce BOMAG BW 213 D-5\u00a0 s\u00fa vhodn\u00e9 stredne a ve\u013ek\u00e9 zhut\u0148ovacie pr\u00e1ce pri stavbe ciest, parkov\u00edsk, v\u00fdkopoch a z\u00e1sypoch.<\/p>\n<p>Valce Bomag BW 213 D-5 s\u00fa DH (zdvojene hydraulick\u00e9 okruhy pojazdu), v\u010faka \u010domu dosahuj\u00fa vysok\u00fa svahov\u00fa dostupnos\u0165 a trakciu.<\/p>\n<p>Vibra\u010dn\u00e9 valce m\u00f4\u017eu by\u0165 na \u017eelanie vybaven\u00e9 syst\u00e9mom ECONOMIZER, ktor\u00fd informuje obsluhu o\u00a0pr\u00edrastku zhutnenia prostredn\u00edctvom n\u00e1rastu po\u010dtu svietiacich LED svetiel.[\/vc_column_text][\/vc_column][\/vc_row]<\/p>\n","protected":false},"excerpt":{"rendered":"<h5>Zavolajte na prev\u00e1dzku a overte si dostupnos\u0165 stroja<\/h5>\n<h5 style=\"padding: 20px 20px 20px; background-color: #434343; color: #ffdd00;\">Fachmancentrum <strong>\u017dilina<\/strong> <a href=\"tel:\/\/+421 905 878 444\"><strong>+421 905 878 444<\/strong><\/a><\/h5>\n<h5 style=\"padding: 20px 20px 20px; background-color: #434343; color: #ffdd00;\">Fachmancentrum <strong>Poprad<\/strong> <a href=\"tel:\/\/+421 917 699 333\"><strong>+421 917 699 333<\/strong><\/a><\/h5>\n<h5 style=\"padding: 20px 20px 20px; background-color: #434343; color: #ffdd00;\">Fachmancentrum <strong>Tren\u010d\u00edn<\/strong> <a href=\"tel:\/\/+421 948 618 100\"><strong>+421 948 618 100<\/strong><\/a><\/h5>\n","protected":false},"featured_media":6402,"template":"","meta":[],"product_cat":[62,135,139],"product_tag":[],"_links":{"self":[{"href":"https:\/\/akuratny.com\/fachman\/web2\/wp-json\/wp\/v2\/product\/6331"}],"collection":[{"href":"https:\/\/akuratny.com\/fachman\/web2\/wp-json\/wp\/v2\/product"}],"about":[{"href":"https:\/\/akuratny.com\/fachman\/web2\/wp-json\/wp\/v2\/types\/product"}],"wp:featuredmedia":[{"embeddable":true,"href":"https:\/\/akuratny.com\/fachman\/web2\/wp-json\/wp\/v2\/media\/6402"}],"wp:attachment":[{"href":"https:\/\/akuratny.com\/fachman\/web2\/wp-json\/wp\/v2\/media?parent=6331"}],"wp:term":[{"taxonomy":"product_cat","embeddable":true,"href":"https:\/\/akuratny.com\/fachman\/web2\/wp-json\/wp\/v2\/product_cat?post=6331"},{"taxonomy":"product_tag","embeddable":true,"href":"https:\/\/akuratny.com\/fachman\/web2\/wp-json\/wp\/v2\/product_tag?post=6331"}],"curies":[{"name":"wp","href":"https:\/\/api.w.org\/{rel}","templated":true}]}}