{"id":6358,"date":"2023-05-14T17:51:16","date_gmt":"2023-05-14T15:51:16","guid":{"rendered":"https:\/\/akuratny.com\/fachman\/web2\/produkt\/compair-c30-copy\/"},"modified":"2023-06-29T17:23:46","modified_gmt":"2023-06-29T15:23:46","slug":"kaeser-m30-pe","status":"publish","type":"product","link":"https:\/\/akuratny.com\/fachman\/web2\/produkt\/kaeser-m30-pe\/","title":{"rendered":"Kaeser M30 PE"},"content":{"rendered":"<p>[vc_row][vc_column][vc_column_text]Kompaktn\u00e9, jednoducho udr\u017eiavate\u013en\u00e9 a napriek tomu v\u00fdkonn\u00e9 \u2013 stavebn\u00e9 kompresory radu MOBILAIR s naftov\u00fdm motorom presved\u010dia nielen svoj\u00edm vysok\u00fdm objemov\u00fdm v\u00fdkonom, ale aj po\u010detn\u00fdmi mo\u017enos\u0165ami doplnkovej v\u00fdbavy. S t\u00fdmi s\u00fa tieto \u00fa\u010dinn\u00e9 mobiln\u00e9 kompresory skuto\u010dne pou\u017eite\u013en\u00e9 na v\u0161etko.<\/p>\n<p>Robustn\u00e1 kon\u0161trukcia umo\u017e\u0148uje bezprobl\u00e9mov\u00fa prev\u00e1dzku pri teplot\u00e1ch okolia od -10\u00a0\u00b0C do +45\u00a0\u00b0C. Kryty z\u00a0PE opracovan\u00e9 rota\u010dn\u00fdm spekan\u00edm (volite\u013en\u00e9 vybavenie) s\u00fa mimoriadne odoln\u00e9 vo\u010di n\u00e1razom a zachov\u00e1vaj\u00fa si st\u00e1lu hodnotu. T\u00fdm s\u00fa mobiln\u00e9, kompaktn\u00e9 kompresory dokonale vyzbrojen\u00e9 na n\u00e1ro\u010dn\u00fd be\u017en\u00fd de\u0148 na stavenisku. V\u0161etky modelov\u00e9 varianty v\u00e1\u017eia pod 750\u00a0kg a na ich prepravu teda mo\u017eno pou\u017ei\u0165 aj men\u0161ie \u0165a\u017en\u00e9 vozidl\u00e1.<\/p>\n<p>V\u0161estrannos\u0165 vidie\u0165 aj na oblastiach pou\u017eitia. \u010ci u\u017e pri pieskovan\u00ed, pri vyfukovan\u00ed debnenia alebo pri pou\u017eit\u00ed zemn\u00fdch rakiet a stavebn\u00fdch klad\u00edv \u2013 v\u00fdkonn\u00e9 zostavy v\u017edy urobia dobr\u00fd dojem. A mobiln\u00e9 kompresory vybaven\u00e9 volite\u013ene dostupn\u00fdm, integrovan\u00fdm gener\u00e1torom s v\u00fdkonom 6,5 kVA sa st\u00e1vaj\u00fa energetickou centr\u00e1lou staven\u00edsk a dod\u00e1vaj\u00fa pod\u013ea potreby stla\u010den\u00fd vzduch alebo elektrick\u00fd pr\u00fad.[\/vc_column_text][\/vc_column][\/vc_row]<\/p>\n","protected":false},"excerpt":{"rendered":"<h5>Zavolajte na prev\u00e1dzku a overte si dostupnos\u0165 stroja<\/h5>\n<h5 style=\"padding: 20px 20px 20px; background-color: #434343; color: #ffdd00;\">Fachmancentrum <strong>\u017dilina<\/strong> <a href=\"tel:\/\/+421 905 878 444\"><strong>+421 905 878 444<\/strong><\/a><\/h5>\n<h5 style=\"padding: 20px 20px 20px; background-color: #434343; color: #ffdd00;\">Fachmancentrum <strong>Poprad<\/strong> <a href=\"tel:\/\/+421 917 699 333\"><strong>+421 917 699 333<\/strong><\/a><\/h5>\n<h5 style=\"padding: 20px 20px 20px; background-color: #434343; color: #ffdd00;\">Fachmancentrum <strong>Tren\u010d\u00edn<\/strong> <a href=\"tel:\/\/+421 948 618 100\"><strong>+421 948 618 100<\/strong><\/a><\/h5>\n","protected":false},"featured_media":6414,"template":"","meta":[],"product_cat":[62,144,145],"product_tag":[],"_links":{"self":[{"href":"https:\/\/akuratny.com\/fachman\/web2\/wp-json\/wp\/v2\/product\/6358"}],"collection":[{"href":"https:\/\/akuratny.com\/fachman\/web2\/wp-json\/wp\/v2\/product"}],"about":[{"href":"https:\/\/akuratny.com\/fachman\/web2\/wp-json\/wp\/v2\/types\/product"}],"wp:featuredmedia":[{"embeddable":true,"href":"https:\/\/akuratny.com\/fachman\/web2\/wp-json\/wp\/v2\/media\/6414"}],"wp:attachment":[{"href":"https:\/\/akuratny.com\/fachman\/web2\/wp-json\/wp\/v2\/media?parent=6358"}],"wp:term":[{"taxonomy":"product_cat","embeddable":true,"href":"https:\/\/akuratny.com\/fachman\/web2\/wp-json\/wp\/v2\/product_cat?post=6358"},{"taxonomy":"product_tag","embeddable":true,"href":"https:\/\/akuratny.com\/fachman\/web2\/wp-json\/wp\/v2\/product_tag?post=6358"}],"curies":[{"name":"wp","href":"https:\/\/api.w.org\/{rel}","templated":true}]}}