{"id":6370,"date":"2023-05-15T09:45:13","date_gmt":"2023-05-15T07:45:13","guid":{"rendered":"https:\/\/akuratny.com\/fachman\/web2\/produkt\/trimmer-tr-200-smart-copy\/"},"modified":"2023-06-29T19:49:34","modified_gmt":"2023-06-29T17:49:34","slug":"trimmer-tr-200-smart-copy","status":"publish","type":"product","link":"https:\/\/akuratny.com\/fachman\/web2\/produkt\/trimmer-tr-200-smart-copy\/","title":{"rendered":"Von Arx VA 25S"},"content":{"rendered":"<p>[vc_row][vc_column][vc_column_text]Univerz\u00e1lna fr\u00e9za na \u010distenie povrchov, odstra\u0148ovanie vodorovn\u00e9ho dopravn\u00e9ho zna\u010denia, fr\u00e9zovanie bet\u00f3nu, \u017eivice, stierok a pod. na spracov\u00e1vanie vn\u00fatorn\u00fdch stredn\u00fdch a ve\u013ek\u00fdch povrchov.[\/vc_column_text][\/vc_column][\/vc_row]<\/p>\n","protected":false},"excerpt":{"rendered":"<h5>Zavolajte na prev\u00e1dzku a overte si dostupnos\u0165 stroja<\/h5>\n<h5 style=\"padding: 20px 20px 20px; background-color: #434343; color: #ffdd00;\">Fachmancentrum <strong>\u017dilina<\/strong> <a href=\"tel:\/\/+421 905 878 444\"><strong>+421 905 878 444<\/strong><\/a><\/h5>\n<h5 style=\"padding: 20px 20px 20px; background-color: #434343; color: #ffdd00;\">Fachmancentrum <strong>Poprad<\/strong> <a href=\"tel:\/\/+421 917 699 333\"><strong>+421 917 699 333<\/strong><\/a><\/h5>\n<h5 style=\"padding: 20px 20px 20px; background-color: #434343; color: #ffdd00;\">Fachmancentrum <strong>Tren\u010d\u00edn<\/strong> <a href=\"tel:\/\/+421 948 618 100\"><strong>+421 948 618 100<\/strong><\/a><\/h5>\n","protected":false},"featured_media":6432,"template":"","meta":[],"product_cat":[62,169,174],"product_tag":[],"_links":{"self":[{"href":"https:\/\/akuratny.com\/fachman\/web2\/wp-json\/wp\/v2\/product\/6370"}],"collection":[{"href":"https:\/\/akuratny.com\/fachman\/web2\/wp-json\/wp\/v2\/product"}],"about":[{"href":"https:\/\/akuratny.com\/fachman\/web2\/wp-json\/wp\/v2\/types\/product"}],"wp:featuredmedia":[{"embeddable":true,"href":"https:\/\/akuratny.com\/fachman\/web2\/wp-json\/wp\/v2\/media\/6432"}],"wp:attachment":[{"href":"https:\/\/akuratny.com\/fachman\/web2\/wp-json\/wp\/v2\/media?parent=6370"}],"wp:term":[{"taxonomy":"product_cat","embeddable":true,"href":"https:\/\/akuratny.com\/fachman\/web2\/wp-json\/wp\/v2\/product_cat?post=6370"},{"taxonomy":"product_tag","embeddable":true,"href":"https:\/\/akuratny.com\/fachman\/web2\/wp-json\/wp\/v2\/product_tag?post=6370"}],"curies":[{"name":"wp","href":"https:\/\/api.w.org\/{rel}","templated":true}]}}