{"id":6426,"date":"2023-06-29T18:01:46","date_gmt":"2023-06-29T16:01:46","guid":{"rendered":"https:\/\/akuratny.com\/fachman\/web2\/produkt\/barikell-mk-8-120-copy\/"},"modified":"2023-06-29T18:12:39","modified_gmt":"2023-06-29T16:12:39","slug":"manipav-m-2000e","status":"publish","type":"product","link":"https:\/\/akuratny.com\/fachman\/web2\/produkt\/manipav-m-2000e\/","title":{"rendered":"Manipav M-2000E"},"content":{"rendered":"<p>[vc_row][vc_column][vc_column_text]MANIPAV s\u00fa mimoriadne kompaktn\u00e9 a poklada\u010de bet\u00f3nu s hmotnos\u0165ou u\u017e od 520 kg, ktor\u00e9 sa dok\u00e1\u017eu brodi\u0165 v bet\u00f3novej vrstve bez po\u0161kodenia v\u00fdstu\u017ee. Rozlo\u017eeniu tlaku stroja napom\u00e1ha a\u017e 6 \u00fazkych, zmes nevytl\u00e1\u010daj\u00facich poh\u00e1\u0148an\u00fdch kolies. Pracovn\u00fd n\u00e1stroj je li\u0161ta s elektrick\u00fdm vibr\u00e1torom, rovnomern\u00e9 mno\u017estvo zmesi pred li\u0161tou zabezpe\u010duje skrutkov\u00e1 hriade\u013e (\u0161nek). Po\u010das ukladania je v\u00fd\u0161ka bet\u00f3novej zmesi automaticky riaden\u00e1 laserovou nivel\u00e1ciou MOBA, s mo\u017enos\u0165ou nastavenia sklonu. Strojn\u00edk sediaci na mieste riadenia sa tak pohodlne koncentruje iba na kontinu\u00e1lny prejazd a dostatok bet\u00f3novej zmesi pred skrutkov\u00fdm hriade\u013eom.<\/p>\n<p>Ako pohonn\u00e9 jednotky s\u00fa pou\u017eit\u00e9 benz\u00ednov\u00e9 motory Honda, alebo dieselov\u00e9 motory Kohler. Pohon stroja je hydrostaticky cez trojstup\u0148ov\u00e9 \u010derpadlo a rozde\u013eova\u010d do pracovn\u00fdch okruhov. Stroj m\u00e1 m\u00e1lo elektronick\u00fdch dielov, \u010do zvy\u0161uje spo\u013eahlivos\u0165 prev\u00e1dzky stroja a zni\u017euje servisn\u00e9 n\u00e1klady.<br \/>\n[\/vc_column_text][\/vc_column][\/vc_row]<\/p>\n","protected":false},"excerpt":{"rendered":"<h5>Zavolajte na prev\u00e1dzku a overte si dostupnos\u0165 stroja<\/h5>\n<h5 style=\"padding: 20px 20px 20px; background-color: #434343; color: #ffdd00;\">Fachmancentrum <strong>\u017dilina<\/strong> <a href=\"tel:\/\/+421 905 878 444\"><strong>+421 905 878 444<\/strong><\/a><\/h5>\n<h5 style=\"padding: 20px 20px 20px; background-color: #434343; color: #ffdd00;\">Fachmancentrum <strong>Poprad<\/strong> <a href=\"tel:\/\/+421 917 699 333\"><strong>+421 917 699 333<\/strong><\/a><\/h5>\n<h5 style=\"padding: 20px 20px 20px; background-color: #434343; color: #ffdd00;\">Fachmancentrum <strong>Tren\u010d\u00edn<\/strong> <a href=\"tel:\/\/+421 948 618 100\"><strong>+421 948 618 100<\/strong><\/a><\/h5>\n","protected":false},"featured_media":6428,"template":"","meta":[],"product_cat":[62,169,171],"product_tag":[],"_links":{"self":[{"href":"https:\/\/akuratny.com\/fachman\/web2\/wp-json\/wp\/v2\/product\/6426"}],"collection":[{"href":"https:\/\/akuratny.com\/fachman\/web2\/wp-json\/wp\/v2\/product"}],"about":[{"href":"https:\/\/akuratny.com\/fachman\/web2\/wp-json\/wp\/v2\/types\/product"}],"wp:featuredmedia":[{"embeddable":true,"href":"https:\/\/akuratny.com\/fachman\/web2\/wp-json\/wp\/v2\/media\/6428"}],"wp:attachment":[{"href":"https:\/\/akuratny.com\/fachman\/web2\/wp-json\/wp\/v2\/media?parent=6426"}],"wp:term":[{"taxonomy":"product_cat","embeddable":true,"href":"https:\/\/akuratny.com\/fachman\/web2\/wp-json\/wp\/v2\/product_cat?post=6426"},{"taxonomy":"product_tag","embeddable":true,"href":"https:\/\/akuratny.com\/fachman\/web2\/wp-json\/wp\/v2\/product_tag?post=6426"}],"curies":[{"name":"wp","href":"https:\/\/api.w.org\/{rel}","templated":true}]}}