{"id":6433,"date":"2023-06-29T19:49:48","date_gmt":"2023-06-29T17:49:48","guid":{"rendered":"https:\/\/akuratny.com\/fachman\/web2\/produkt\/trimmer-tr-200-smart-copy-copy\/"},"modified":"2023-06-29T19:55:44","modified_gmt":"2023-06-29T17:55:44","slug":"trimmer-tr-200-elektro","status":"publish","type":"product","link":"https:\/\/akuratny.com\/fachman\/web2\/produkt\/trimmer-tr-200-elektro\/","title":{"rendered":"Trimmer TR 200 Elektro"},"content":{"rendered":"<p>[vc_row][vc_column][vc_column_text]Trimmer TR 200 Smart je fr\u00e9za na opracovanie bet\u00f3nov\u00fdch, \u010di asfaltov\u00fdch povrchov ale i terazza, pr\u00edrodn\u00e9ho a umel\u00e9ho kame\u0148a, dla\u017eby, stierok, farieb, lepidiel&#8230; Odstra\u0148uje nerovnosti, zvetran\u00e9 a nadbyto\u010dn\u00e9 vrstvy.<\/p>\n<p>Pohon fr\u00e9zovacieho valca zais\u0165uj\u00fa benz\u00ednov\u00e9 alebo elektrick\u00e9 motory. Valec m\u00f4\u017ee by\u0165 osaden\u00fd r\u00f4znymi typmi segmentov vybaven\u00fdch hrotmi ( \u0161tandardne pentagon\u00e1lne) alebo pl\u00e1tkami so spekan\u00fdch karbidov. S\u00fa\u010das\u0165ou dod\u00e1vky m\u00f4\u017eu by\u0165 valce so segmentmi na bet\u00f3n, \u017eivicu, stierky, tmely, farby v r\u00f4znych variantoch. Segmenty s\u00fa un\u00e1\u0161an\u00e9 na nosn\u00fdch ty\u010dk\u00e1ch spolu s vymedzovac\u00edmi podlo\u017ekami.<\/p>\n<p>Nastavenie pracovnej h\u013abky je mo\u017en\u00e9 nastavi\u0165 postupne v rozsahu 1 \u2013 7 mm. D\u00f4myseln\u00e1 kon\u0161trukcia r\u00e1mu stroja umo\u017e\u0148uje vykona\u0165 kompletn\u00fa v\u00fdmenu valcov po\u010das nieko\u013ek\u00fdch min\u00fat. Vn\u00fatorn\u00fd pracovn\u00fd priestor je ods\u00e1van\u00fd.<br \/>\n[\/vc_column_text][\/vc_column][\/vc_row]<\/p>\n","protected":false},"excerpt":{"rendered":"<h5>Zavolajte na prev\u00e1dzku a overte si dostupnos\u0165 stroja<\/h5>\n<h5 style=\"padding: 20px 20px 20px; background-color: #434343; color: #ffdd00;\">Fachmancentrum <strong>\u017dilina<\/strong> <a href=\"tel:\/\/+421 905 878 444\"><strong>+421 905 878 444<\/strong><\/a><\/h5>\n<h5 style=\"padding: 20px 20px 20px; background-color: #434343; color: #ffdd00;\">Fachmancentrum <strong>Poprad<\/strong> <a href=\"tel:\/\/+421 917 699 333\"><strong>+421 917 699 333<\/strong><\/a><\/h5>\n<h5 style=\"padding: 20px 20px 20px; background-color: #434343; color: #ffdd00;\">Fachmancentrum <strong>Tren\u010d\u00edn<\/strong> <a href=\"tel:\/\/+421 948 618 100\"><strong>+421 948 618 100<\/strong><\/a><\/h5>\n","protected":false},"featured_media":6435,"template":"","meta":[],"product_cat":[62,169,174],"product_tag":[],"_links":{"self":[{"href":"https:\/\/akuratny.com\/fachman\/web2\/wp-json\/wp\/v2\/product\/6433"}],"collection":[{"href":"https:\/\/akuratny.com\/fachman\/web2\/wp-json\/wp\/v2\/product"}],"about":[{"href":"https:\/\/akuratny.com\/fachman\/web2\/wp-json\/wp\/v2\/types\/product"}],"wp:featuredmedia":[{"embeddable":true,"href":"https:\/\/akuratny.com\/fachman\/web2\/wp-json\/wp\/v2\/media\/6435"}],"wp:attachment":[{"href":"https:\/\/akuratny.com\/fachman\/web2\/wp-json\/wp\/v2\/media?parent=6433"}],"wp:term":[{"taxonomy":"product_cat","embeddable":true,"href":"https:\/\/akuratny.com\/fachman\/web2\/wp-json\/wp\/v2\/product_cat?post=6433"},{"taxonomy":"product_tag","embeddable":true,"href":"https:\/\/akuratny.com\/fachman\/web2\/wp-json\/wp\/v2\/product_tag?post=6433"}],"curies":[{"name":"wp","href":"https:\/\/api.w.org\/{rel}","templated":true}]}}