{"id":6620,"date":"2023-07-21T12:57:40","date_gmt":"2023-07-21T10:57:40","guid":{"rendered":"https:\/\/akuratny.com\/fachman\/web2\/produkt\/mikasa-mtx-60e-70kg-copy\/"},"modified":"2023-07-21T13:06:22","modified_gmt":"2023-07-21T11:06:22","slug":"bomag-bt60-60kg","status":"publish","type":"product","link":"https:\/\/akuratny.com\/fachman\/web2\/produkt\/bomag-bt60-60kg\/","title":{"rendered":"Bomag BT60 60 kg"},"content":{"rendered":"<p>[vc_row][vc_column][vc_column_text]N\u00edzka \u00farove\u0148 vibr\u00e1ci\u00ed na r\u00e1me, ve\u013ek\u00fd vzduchov\u00fd filter umo\u017e\u0148uj\u00fa pr\u00e1cu s minim\u00e1lnymi prestojmi. Vysok\u00fa prev\u00e1dzkov\u00fa spo\u013eahlivos\u0165 a odolnos\u0165 proti ne\u0161etrn\u00e9mu zaobch\u00e1dzaniu zabezpe\u010duje kryt cel\u00e9ho motora. Ako pohonn\u00e1 jednotka s\u00fa pou\u017eit\u00e9 profesion\u00e1lne benz\u00ednov\u00e9 motory Honda.[\/vc_column_text][\/vc_column][\/vc_row]<\/p>\n","protected":false},"excerpt":{"rendered":"<p>[vc_row][vc_column][vc_column_text]N\u00edzka \u00farove\u0148 vibr\u00e1ci\u00ed na r\u00e1me, ve\u013ek\u00fd vzduchov\u00fd filter umo\u017e\u0148uj\u00fa pr\u00e1cu s minim\u00e1lnymi prestojmi. Vysok\u00fa prev\u00e1dzkov\u00fa spo\u013eahlivos\u0165 a odolnos\u0165 proti ne\u0161etrn\u00e9mu zaobch\u00e1dzaniu zabezpe\u010duje kryt cel\u00e9ho motora. Ako pohonn\u00e1 jednotka s\u00fa pou\u017eit\u00e9 profesion\u00e1lne benz\u00ednov\u00e9 motory Honda.[\/vc_column_text][\/vc_column][\/vc_row]<\/p>\n","protected":false},"featured_media":6622,"template":"redux-templates_full_width","meta":[],"product_cat":[62,131,132],"product_tag":[],"_links":{"self":[{"href":"https:\/\/akuratny.com\/fachman\/web2\/wp-json\/wp\/v2\/product\/6620"}],"collection":[{"href":"https:\/\/akuratny.com\/fachman\/web2\/wp-json\/wp\/v2\/product"}],"about":[{"href":"https:\/\/akuratny.com\/fachman\/web2\/wp-json\/wp\/v2\/types\/product"}],"wp:featuredmedia":[{"embeddable":true,"href":"https:\/\/akuratny.com\/fachman\/web2\/wp-json\/wp\/v2\/media\/6622"}],"wp:attachment":[{"href":"https:\/\/akuratny.com\/fachman\/web2\/wp-json\/wp\/v2\/media?parent=6620"}],"wp:term":[{"taxonomy":"product_cat","embeddable":true,"href":"https:\/\/akuratny.com\/fachman\/web2\/wp-json\/wp\/v2\/product_cat?post=6620"},{"taxonomy":"product_tag","embeddable":true,"href":"https:\/\/akuratny.com\/fachman\/web2\/wp-json\/wp\/v2\/product_tag?post=6620"}],"curies":[{"name":"wp","href":"https:\/\/api.w.org\/{rel}","templated":true}]}}