{"id":6626,"date":"2023-07-21T13:10:32","date_gmt":"2023-07-21T11:10:32","guid":{"rendered":"https:\/\/akuratny.com\/fachman\/web2\/produkt\/mikasa-mvh-308-300-kg-copy\/"},"modified":"2023-07-21T15:45:02","modified_gmt":"2023-07-21T13:45:02","slug":"mikasa-mvh-208-200-kg","status":"publish","type":"product","link":"https:\/\/akuratny.com\/fachman\/web2\/produkt\/mikasa-mvh-208-200-kg\/","title":{"rendered":"Mikasa MVH-208 200 kg"},"content":{"rendered":"<p>[vc_row][vc_column][vc_column_text]Liatinov\u00e1 spodn\u00e1 plat\u0148a pre okam\u017eit\u00fd prenos sily excentra, spo\u013eahliv\u00fd a dostupn\u00fd motor Honda, robustn\u00fd polootvoren\u00fd kryt motora a cykl\u00f3nov\u00e1 filtr\u00e1cia vzduchu pre vysok\u00fa \u017eivotnos\u0165 motora, tlmen\u00e9 vibr\u00e1cie vedenia stroja pre n\u00edzku \u00fanavu obsluhy, po\u010d\u00edtadlo motohod\u00edn pre jednoduch\u00fa \u00fadr\u017ebu: fakty, ktor\u00e9 spolu p\u00f4sobia, \u017ee Mikasa je atrakt\u00edvna zna\u010dka aj pre slovensk\u00fd trh.[\/vc_column_text][\/vc_column][\/vc_row]<\/p>\n","protected":false},"excerpt":{"rendered":"<p>[vc_row][vc_column][vc_column_text]Liatinov\u00e1 spodn\u00e1 plat\u0148a pre okam\u017eit\u00fd prenos sily excentra, spo\u013eahliv\u00fd a dostupn\u00fd motor Honda, robustn\u00fd polootvoren\u00fd kryt motora a cykl\u00f3nov\u00e1 filtr\u00e1cia vzduchu pre vysok\u00fa \u017eivotnos\u0165 motora, tlmen\u00e9 vibr\u00e1cie vedenia stroja pre n\u00edzku \u00fanavu obsluhy, po\u010d\u00edtadlo motohod\u00edn pre jednoduch\u00fa \u00fadr\u017ebu: fakty, ktor\u00e9 spolu p\u00f4sobia, \u017ee [&hellip;]<\/p>\n","protected":false},"featured_media":6628,"template":"redux-templates_full_width","meta":[],"product_cat":[62,131,134],"product_tag":[],"_links":{"self":[{"href":"https:\/\/akuratny.com\/fachman\/web2\/wp-json\/wp\/v2\/product\/6626"}],"collection":[{"href":"https:\/\/akuratny.com\/fachman\/web2\/wp-json\/wp\/v2\/product"}],"about":[{"href":"https:\/\/akuratny.com\/fachman\/web2\/wp-json\/wp\/v2\/types\/product"}],"wp:featuredmedia":[{"embeddable":true,"href":"https:\/\/akuratny.com\/fachman\/web2\/wp-json\/wp\/v2\/media\/6628"}],"wp:attachment":[{"href":"https:\/\/akuratny.com\/fachman\/web2\/wp-json\/wp\/v2\/media?parent=6626"}],"wp:term":[{"taxonomy":"product_cat","embeddable":true,"href":"https:\/\/akuratny.com\/fachman\/web2\/wp-json\/wp\/v2\/product_cat?post=6626"},{"taxonomy":"product_tag","embeddable":true,"href":"https:\/\/akuratny.com\/fachman\/web2\/wp-json\/wp\/v2\/product_tag?post=6626"}],"curies":[{"name":"wp","href":"https:\/\/api.w.org\/{rel}","templated":true}]}}